{"id":8,"date":"2022-01-30T12:48:48","date_gmt":"2022-01-30T12:48:48","guid":{"rendered":"https:\/\/kingdahls.net\/?page_id=8"},"modified":"2024-02-25T08:57:55","modified_gmt":"2024-02-25T08:57:55","slug":"ota-yhteytta","status":"publish","type":"page","link":"https:\/\/kingdahls.net\/index.php\/ota-yhteytta\/","title":{"rendered":"Ota yhteytt\u00e4"},"content":{"rendered":"\n<p><\/p>\n\n\n\n<figure class=\"wp-block-image size-large\"><img loading=\"lazy\" decoding=\"async\" width=\"768\" height=\"1024\" src=\"https:\/\/kingdahls.net\/wp-content\/uploads\/2022\/02\/25548a2e-711e-4932-a0f3-56f4e3e94c31-768x1024.jpeg\" alt=\"\" class=\"wp-image-294\" srcset=\"https:\/\/kingdahls.net\/wp-content\/uploads\/2022\/02\/25548a2e-711e-4932-a0f3-56f4e3e94c31-768x1024.jpeg 768w, https:\/\/kingdahls.net\/wp-content\/uploads\/2022\/02\/25548a2e-711e-4932-a0f3-56f4e3e94c31-225x300.jpeg 225w, https:\/\/kingdahls.net\/wp-content\/uploads\/2022\/02\/25548a2e-711e-4932-a0f3-56f4e3e94c31-1152x1536.jpeg 1152w, https:\/\/kingdahls.net\/wp-content\/uploads\/2022\/02\/25548a2e-711e-4932-a0f3-56f4e3e94c31.jpeg 1536w\" sizes=\"auto, (max-width: 768px) 100vw, 768px\" \/><\/figure>\n\n\n\n<p><\/p>\n\n\n\n<p><\/p>\n\n\n\n<p>Maritta ja Eero Sivula<\/p>\n\n\n\n<p>Karttiminj\u00e4rvi 68,       35300 Orivesi<\/p>\n\n\n\n<p>+358 40 064 9871<\/p>\n\n\n\n<p>s\u00e4hk\u00f6posti:     info  ( @ ) kingdahls.net<\/p>\n\n\n\n<p>Toiminimi: Kingdahls , Y-tunnus: 3420177-5<\/p>\n\n\n\n<hr class=\"wp-block-separator has-alpha-channel-opacity\"\/>\n\n\n\n<div class=\"wp-block-columns is-layout-flex wp-container-core-columns-is-layout-9d6595d7 wp-block-columns-is-layout-flex\">\n<div class=\"wp-block-column is-layout-flow wp-block-column-is-layout-flow\">\n<figure class=\"wp-block-image size-large is-style-twentytwentyone-border\"><img loading=\"lazy\" decoding=\"async\" width=\"1024\" height=\"683\" src=\"https:\/\/kingdahls.net\/wp-content\/uploads\/2022\/02\/83A92943-B3E2-44EA-9431-C98154F10DD6-1024x683.jpeg\" alt=\"\" class=\"wp-image-105\" srcset=\"https:\/\/kingdahls.net\/wp-content\/uploads\/2022\/02\/83A92943-B3E2-44EA-9431-C98154F10DD6-1024x683.jpeg 1024w, https:\/\/kingdahls.net\/wp-content\/uploads\/2022\/02\/83A92943-B3E2-44EA-9431-C98154F10DD6-300x200.jpeg 300w, https:\/\/kingdahls.net\/wp-content\/uploads\/2022\/02\/83A92943-B3E2-44EA-9431-C98154F10DD6-768x512.jpeg 768w, https:\/\/kingdahls.net\/wp-content\/uploads\/2022\/02\/83A92943-B3E2-44EA-9431-C98154F10DD6-1536x1025.jpeg 1536w, https:\/\/kingdahls.net\/wp-content\/uploads\/2022\/02\/83A92943-B3E2-44EA-9431-C98154F10DD6-2048x1366.jpeg 2048w, https:\/\/kingdahls.net\/wp-content\/uploads\/2022\/02\/83A92943-B3E2-44EA-9431-C98154F10DD6-1568x1046.jpeg 1568w\" sizes=\"auto, (max-width: 1024px) 100vw, 1024px\" \/><\/figure>\n<\/div>\n\n\n\n<div class=\"wp-block-column is-layout-flow wp-block-column-is-layout-flow\">\n<figure class=\"wp-block-image size-large is-style-twentytwentyone-border\"><img loading=\"lazy\" decoding=\"async\" width=\"1024\" height=\"683\" src=\"https:\/\/kingdahls.net\/wp-content\/uploads\/2022\/02\/316BEC3D-9D40-4EE6-9AAA-24E359EE7E4F-1024x683.jpeg\" alt=\"\" class=\"wp-image-106\" srcset=\"https:\/\/kingdahls.net\/wp-content\/uploads\/2022\/02\/316BEC3D-9D40-4EE6-9AAA-24E359EE7E4F-1024x683.jpeg 1024w, https:\/\/kingdahls.net\/wp-content\/uploads\/2022\/02\/316BEC3D-9D40-4EE6-9AAA-24E359EE7E4F-300x200.jpeg 300w, https:\/\/kingdahls.net\/wp-content\/uploads\/2022\/02\/316BEC3D-9D40-4EE6-9AAA-24E359EE7E4F-768x512.jpeg 768w, https:\/\/kingdahls.net\/wp-content\/uploads\/2022\/02\/316BEC3D-9D40-4EE6-9AAA-24E359EE7E4F-1536x1025.jpeg 1536w, https:\/\/kingdahls.net\/wp-content\/uploads\/2022\/02\/316BEC3D-9D40-4EE6-9AAA-24E359EE7E4F-2048x1366.jpeg 2048w, https:\/\/kingdahls.net\/wp-content\/uploads\/2022\/02\/316BEC3D-9D40-4EE6-9AAA-24E359EE7E4F-1568x1046.jpeg 1568w\" sizes=\"auto, (max-width: 1024px) 100vw, 1024px\" \/><\/figure>\n<\/div>\n<\/div>\n\n\n\n<p><\/p>\n\n\n\n<p>( El\u00e4intenpit\u00e4j\u00e4rekisterin pitopaikkatunnus: FI 00000 6097155 )<\/p>\n","protected":false},"excerpt":{"rendered":"<p>Maritta ja Eero Sivula Karttiminj\u00e4rvi 68, 35300 Orivesi +358 40 064 9871 s\u00e4hk\u00f6posti: info ( @ ) kingdahls.net Toiminimi: Kingdahls , Y-tunnus: 3420177-5 ( El\u00e4intenpit\u00e4j\u00e4rekisterin pitopaikkatunnus: FI 00000 6097155 )<\/p>\n","protected":false},"author":1,"featured_media":0,"parent":0,"menu_order":0,"comment_status":"closed","ping_status":"closed","template":"","meta":{"footnotes":""},"class_list":["post-8","page","type-page","status-publish","hentry","entry"],"yoast_head":"<!-- This site is optimized with the Yoast SEO plugin v24.9 - https:\/\/yoast.com\/wordpress\/plugins\/seo\/ -->\n<title>Ota yhteytt\u00e4 - KENNEL KINGDAHLS<\/title>\n<meta name=\"robots\" content=\"index, follow, max-snippet:-1, max-image-preview:large, max-video-preview:-1\" \/>\n<link rel=\"canonical\" href=\"https:\/\/kingdahls.net\/index.php\/ota-yhteytta\/\" \/>\n<meta property=\"og:locale\" content=\"fi_FI\" \/>\n<meta property=\"og:type\" content=\"article\" \/>\n<meta property=\"og:title\" content=\"Ota yhteytt\u00e4 - KENNEL KINGDAHLS\" \/>\n<meta property=\"og:description\" content=\"Maritta ja Eero Sivula Karttiminj\u00e4rvi 68, 35300 Orivesi +358 40 064 9871 s\u00e4hk\u00f6posti: info ( @ ) kingdahls.net Toiminimi: Kingdahls , Y-tunnus: 3420177-5 ( El\u00e4intenpit\u00e4j\u00e4rekisterin pitopaikkatunnus: FI 00000 6097155 )\" \/>\n<meta property=\"og:url\" content=\"https:\/\/kingdahls.net\/index.php\/ota-yhteytta\/\" \/>\n<meta property=\"og:site_name\" content=\"KENNEL KINGDAHLS\" \/>\n<meta property=\"article:publisher\" content=\"https:\/\/fi-fi.facebook.com\/eero.sivula.9\" \/>\n<meta property=\"article:modified_time\" content=\"2024-02-25T08:57:55+00:00\" \/>\n<meta property=\"og:image\" content=\"http:\/\/kingdahls.net\/wp-content\/uploads\/2022\/02\/25548a2e-711e-4932-a0f3-56f4e3e94c31-768x1024.jpeg\" \/>\n<meta name=\"twitter:card\" content=\"summary_large_image\" \/>\n<meta name=\"twitter:label1\" content=\"Arvioitu lukuaika\" \/>\n\t<meta name=\"twitter:data1\" content=\"1 minuutti\" \/>\n<script type=\"application\/ld+json\" class=\"yoast-schema-graph\">{\"@context\":\"https:\/\/schema.org\",\"@graph\":[{\"@type\":\"WebPage\",\"@id\":\"https:\/\/kingdahls.net\/index.php\/ota-yhteytta\/\",\"url\":\"https:\/\/kingdahls.net\/index.php\/ota-yhteytta\/\",\"name\":\"Ota yhteytt\u00e4 - KENNEL KINGDAHLS\",\"isPartOf\":{\"@id\":\"https:\/\/kingdahls.net\/#website\"},\"primaryImageOfPage\":{\"@id\":\"https:\/\/kingdahls.net\/index.php\/ota-yhteytta\/#primaryimage\"},\"image\":{\"@id\":\"https:\/\/kingdahls.net\/index.php\/ota-yhteytta\/#primaryimage\"},\"thumbnailUrl\":\"http:\/\/kingdahls.net\/wp-content\/uploads\/2022\/02\/25548a2e-711e-4932-a0f3-56f4e3e94c31-768x1024.jpeg\",\"datePublished\":\"2022-01-30T12:48:48+00:00\",\"dateModified\":\"2024-02-25T08:57:55+00:00\",\"breadcrumb\":{\"@id\":\"https:\/\/kingdahls.net\/index.php\/ota-yhteytta\/#breadcrumb\"},\"inLanguage\":\"fi\",\"potentialAction\":[{\"@type\":\"ReadAction\",\"target\":[\"https:\/\/kingdahls.net\/index.php\/ota-yhteytta\/\"]}]},{\"@type\":\"ImageObject\",\"inLanguage\":\"fi\",\"@id\":\"https:\/\/kingdahls.net\/index.php\/ota-yhteytta\/#primaryimage\",\"url\":\"http:\/\/kingdahls.net\/wp-content\/uploads\/2022\/02\/25548a2e-711e-4932-a0f3-56f4e3e94c31-768x1024.jpeg\",\"contentUrl\":\"http:\/\/kingdahls.net\/wp-content\/uploads\/2022\/02\/25548a2e-711e-4932-a0f3-56f4e3e94c31-768x1024.jpeg\"},{\"@type\":\"BreadcrumbList\",\"@id\":\"https:\/\/kingdahls.net\/index.php\/ota-yhteytta\/#breadcrumb\",\"itemListElement\":[{\"@type\":\"ListItem\",\"position\":1,\"name\":\"Etusivu\",\"item\":\"https:\/\/kingdahls.net\/\"},{\"@type\":\"ListItem\",\"position\":2,\"name\":\"Ota yhteytt\u00e4\"}]},{\"@type\":\"WebSite\",\"@id\":\"https:\/\/kingdahls.net\/#website\",\"url\":\"https:\/\/kingdahls.net\/\",\"name\":\"KENNEL KINGDAHLS\",\"description\":\"&quot;passion and interest for purebred dogs&quot;\",\"potentialAction\":[{\"@type\":\"SearchAction\",\"target\":{\"@type\":\"EntryPoint\",\"urlTemplate\":\"https:\/\/kingdahls.net\/?s={search_term_string}\"},\"query-input\":{\"@type\":\"PropertyValueSpecification\",\"valueRequired\":true,\"valueName\":\"search_term_string\"}}],\"inLanguage\":\"fi\"}]}<\/script>\n<!-- \/ Yoast SEO plugin. -->","yoast_head_json":{"title":"Ota yhteytt\u00e4 - KENNEL KINGDAHLS","robots":{"index":"index","follow":"follow","max-snippet":"max-snippet:-1","max-image-preview":"max-image-preview:large","max-video-preview":"max-video-preview:-1"},"canonical":"https:\/\/kingdahls.net\/index.php\/ota-yhteytta\/","og_locale":"fi_FI","og_type":"article","og_title":"Ota yhteytt\u00e4 - KENNEL KINGDAHLS","og_description":"Maritta ja Eero Sivula Karttiminj\u00e4rvi 68, 35300 Orivesi +358 40 064 9871 s\u00e4hk\u00f6posti: info ( @ ) kingdahls.net Toiminimi: Kingdahls , Y-tunnus: 3420177-5 ( El\u00e4intenpit\u00e4j\u00e4rekisterin pitopaikkatunnus: FI 00000 6097155 )","og_url":"https:\/\/kingdahls.net\/index.php\/ota-yhteytta\/","og_site_name":"KENNEL KINGDAHLS","article_publisher":"https:\/\/fi-fi.facebook.com\/eero.sivula.9","article_modified_time":"2024-02-25T08:57:55+00:00","og_image":[{"url":"http:\/\/kingdahls.net\/wp-content\/uploads\/2022\/02\/25548a2e-711e-4932-a0f3-56f4e3e94c31-768x1024.jpeg","type":"","width":"","height":""}],"twitter_card":"summary_large_image","twitter_misc":{"Arvioitu lukuaika":"1 minuutti"},"schema":{"@context":"https:\/\/schema.org","@graph":[{"@type":"WebPage","@id":"https:\/\/kingdahls.net\/index.php\/ota-yhteytta\/","url":"https:\/\/kingdahls.net\/index.php\/ota-yhteytta\/","name":"Ota yhteytt\u00e4 - KENNEL KINGDAHLS","isPartOf":{"@id":"https:\/\/kingdahls.net\/#website"},"primaryImageOfPage":{"@id":"https:\/\/kingdahls.net\/index.php\/ota-yhteytta\/#primaryimage"},"image":{"@id":"https:\/\/kingdahls.net\/index.php\/ota-yhteytta\/#primaryimage"},"thumbnailUrl":"http:\/\/kingdahls.net\/wp-content\/uploads\/2022\/02\/25548a2e-711e-4932-a0f3-56f4e3e94c31-768x1024.jpeg","datePublished":"2022-01-30T12:48:48+00:00","dateModified":"2024-02-25T08:57:55+00:00","breadcrumb":{"@id":"https:\/\/kingdahls.net\/index.php\/ota-yhteytta\/#breadcrumb"},"inLanguage":"fi","potentialAction":[{"@type":"ReadAction","target":["https:\/\/kingdahls.net\/index.php\/ota-yhteytta\/"]}]},{"@type":"ImageObject","inLanguage":"fi","@id":"https:\/\/kingdahls.net\/index.php\/ota-yhteytta\/#primaryimage","url":"http:\/\/kingdahls.net\/wp-content\/uploads\/2022\/02\/25548a2e-711e-4932-a0f3-56f4e3e94c31-768x1024.jpeg","contentUrl":"http:\/\/kingdahls.net\/wp-content\/uploads\/2022\/02\/25548a2e-711e-4932-a0f3-56f4e3e94c31-768x1024.jpeg"},{"@type":"BreadcrumbList","@id":"https:\/\/kingdahls.net\/index.php\/ota-yhteytta\/#breadcrumb","itemListElement":[{"@type":"ListItem","position":1,"name":"Etusivu","item":"https:\/\/kingdahls.net\/"},{"@type":"ListItem","position":2,"name":"Ota yhteytt\u00e4"}]},{"@type":"WebSite","@id":"https:\/\/kingdahls.net\/#website","url":"https:\/\/kingdahls.net\/","name":"KENNEL KINGDAHLS","description":"&quot;passion and interest for purebred dogs&quot;","potentialAction":[{"@type":"SearchAction","target":{"@type":"EntryPoint","urlTemplate":"https:\/\/kingdahls.net\/?s={search_term_string}"},"query-input":{"@type":"PropertyValueSpecification","valueRequired":true,"valueName":"search_term_string"}}],"inLanguage":"fi"}]}},"_links":{"self":[{"href":"https:\/\/kingdahls.net\/index.php\/wp-json\/wp\/v2\/pages\/8","targetHints":{"allow":["GET"]}}],"collection":[{"href":"https:\/\/kingdahls.net\/index.php\/wp-json\/wp\/v2\/pages"}],"about":[{"href":"https:\/\/kingdahls.net\/index.php\/wp-json\/wp\/v2\/types\/page"}],"author":[{"embeddable":true,"href":"https:\/\/kingdahls.net\/index.php\/wp-json\/wp\/v2\/users\/1"}],"replies":[{"embeddable":true,"href":"https:\/\/kingdahls.net\/index.php\/wp-json\/wp\/v2\/comments?post=8"}],"version-history":[{"count":7,"href":"https:\/\/kingdahls.net\/index.php\/wp-json\/wp\/v2\/pages\/8\/revisions"}],"predecessor-version":[{"id":759,"href":"https:\/\/kingdahls.net\/index.php\/wp-json\/wp\/v2\/pages\/8\/revisions\/759"}],"wp:attachment":[{"href":"https:\/\/kingdahls.net\/index.php\/wp-json\/wp\/v2\/media?parent=8"}],"curies":[{"name":"wp","href":"https:\/\/api.w.org\/{rel}","templated":true}]}}