{"id":33,"date":"2022-01-30T12:52:43","date_gmt":"2022-01-30T12:52:43","guid":{"rendered":"https:\/\/kingdahls.net\/?page_id=33"},"modified":"2025-04-16T14:42:55","modified_gmt":"2025-04-16T14:42:55","slug":"tervetuloa","status":"publish","type":"page","link":"https:\/\/kingdahls.net\/","title":{"rendered":"Tervetuloa!"},"content":{"rendered":"\n<p class=\"has-text-align-center has-extra-large-font-size\"><strong>Tervetuloa kotisivuillemme!<\/strong><\/p>\n\n\n\n<p class=\"has-text-align-center\">Kennel Kingdahls on syd\u00e4mell\u00e4 toimiva koirakennel, jossa kasvatetaan labradorinnoutajia, ven\u00e4j\u00e4nbolonkoja ja havannankoiria rakastaviin koteihin. Tervetuloa tutustumaan meihin! <\/p>\n\n\n\n<figure class=\"wp-block-image size-large is-style-twentytwentyone-border\"><img loading=\"lazy\" decoding=\"async\" width=\"683\" height=\"1024\" src=\"https:\/\/kingdahls.net\/wp-content\/uploads\/2022\/01\/6B1AFC14-2EDC-4D94-81DA-ED5DDE254C8F-683x1024.jpeg\" alt=\"\" class=\"wp-image-35\" srcset=\"https:\/\/kingdahls.net\/wp-content\/uploads\/2022\/01\/6B1AFC14-2EDC-4D94-81DA-ED5DDE254C8F-683x1024.jpeg 683w, https:\/\/kingdahls.net\/wp-content\/uploads\/2022\/01\/6B1AFC14-2EDC-4D94-81DA-ED5DDE254C8F-200x300.jpeg 200w, https:\/\/kingdahls.net\/wp-content\/uploads\/2022\/01\/6B1AFC14-2EDC-4D94-81DA-ED5DDE254C8F-768x1152.jpeg 768w, https:\/\/kingdahls.net\/wp-content\/uploads\/2022\/01\/6B1AFC14-2EDC-4D94-81DA-ED5DDE254C8F-1024x1536.jpeg 1024w, https:\/\/kingdahls.net\/wp-content\/uploads\/2022\/01\/6B1AFC14-2EDC-4D94-81DA-ED5DDE254C8F-1366x2048.jpeg 1366w, https:\/\/kingdahls.net\/wp-content\/uploads\/2022\/01\/6B1AFC14-2EDC-4D94-81DA-ED5DDE254C8F-1568x2351.jpeg 1568w, https:\/\/kingdahls.net\/wp-content\/uploads\/2022\/01\/6B1AFC14-2EDC-4D94-81DA-ED5DDE254C8F-scaled.jpeg 1707w\" sizes=\"auto, (max-width: 683px) 100vw, 683px\" \/><\/figure>\n\n\n\n<figure class=\"wp-block-image size-large is-style-twentytwentyone-border\"><img loading=\"lazy\" decoding=\"async\" width=\"1024\" height=\"683\" src=\"https:\/\/kingdahls.net\/wp-content\/uploads\/2022\/01\/7324E840-5F40-4CB8-A6E6-934661D80078-1024x683.jpeg\" alt=\"\" class=\"wp-image-37\" srcset=\"https:\/\/kingdahls.net\/wp-content\/uploads\/2022\/01\/7324E840-5F40-4CB8-A6E6-934661D80078-1024x683.jpeg 1024w, https:\/\/kingdahls.net\/wp-content\/uploads\/2022\/01\/7324E840-5F40-4CB8-A6E6-934661D80078-300x200.jpeg 300w, https:\/\/kingdahls.net\/wp-content\/uploads\/2022\/01\/7324E840-5F40-4CB8-A6E6-934661D80078-768x512.jpeg 768w, https:\/\/kingdahls.net\/wp-content\/uploads\/2022\/01\/7324E840-5F40-4CB8-A6E6-934661D80078-1536x1025.jpeg 1536w, https:\/\/kingdahls.net\/wp-content\/uploads\/2022\/01\/7324E840-5F40-4CB8-A6E6-934661D80078-2048x1366.jpeg 2048w, https:\/\/kingdahls.net\/wp-content\/uploads\/2022\/01\/7324E840-5F40-4CB8-A6E6-934661D80078-1568x1046.jpeg 1568w\" sizes=\"auto, (max-width: 1024px) 100vw, 1024px\" \/><\/figure>\n\n\n\n<div class=\"wp-block-columns is-layout-flex wp-container-core-columns-is-layout-9d6595d7 wp-block-columns-is-layout-flex\">\n<div class=\"wp-block-column is-layout-flow wp-block-column-is-layout-flow\" style=\"flex-basis:100%\">\n<figure class=\"wp-block-image size-large is-style-twentytwentyone-border\"><img loading=\"lazy\" decoding=\"async\" width=\"1024\" height=\"683\" src=\"https:\/\/kingdahls.net\/wp-content\/uploads\/2022\/01\/204EA435-EB6D-4FF3-97B7-ABB79CE4D301-1024x683.jpeg\" alt=\"\" class=\"wp-image-36\" srcset=\"https:\/\/kingdahls.net\/wp-content\/uploads\/2022\/01\/204EA435-EB6D-4FF3-97B7-ABB79CE4D301-1024x683.jpeg 1024w, https:\/\/kingdahls.net\/wp-content\/uploads\/2022\/01\/204EA435-EB6D-4FF3-97B7-ABB79CE4D301-300x200.jpeg 300w, https:\/\/kingdahls.net\/wp-content\/uploads\/2022\/01\/204EA435-EB6D-4FF3-97B7-ABB79CE4D301-768x512.jpeg 768w, https:\/\/kingdahls.net\/wp-content\/uploads\/2022\/01\/204EA435-EB6D-4FF3-97B7-ABB79CE4D301-1536x1025.jpeg 1536w, https:\/\/kingdahls.net\/wp-content\/uploads\/2022\/01\/204EA435-EB6D-4FF3-97B7-ABB79CE4D301-2048x1366.jpeg 2048w, https:\/\/kingdahls.net\/wp-content\/uploads\/2022\/01\/204EA435-EB6D-4FF3-97B7-ABB79CE4D301-1568x1046.jpeg 1568w\" sizes=\"auto, (max-width: 1024px) 100vw, 1024px\" \/><\/figure>\n<\/div>\n<\/div>\n\n\n\n<p class=\"has-text-align-center\">Voit ottaa my\u00f6s yhteytt\u00e4 s\u00e4hk\u00f6postilla tai puhelimitse:<\/p>\n\n\n\n<p class=\"has-text-align-center\"><strong>Nimi:<\/strong>&nbsp;Eero ja Maritta Sivula<\/p>\n\n\n\n<p class=\"has-text-align-center\"><strong>S\u00e4hk\u00f6posti:<\/strong>&nbsp;info@kingdahls.net<\/p>\n\n\n\n<p class=\"has-text-align-center\"><strong>Puhelin:<\/strong>&nbsp;+358 40 064 9871<\/p>\n","protected":false},"excerpt":{"rendered":"<p>Tervetuloa kotisivuillemme! Kennel Kingdahls on syd\u00e4mell\u00e4 toimiva koirakennel, jossa kasvatetaan labradorinnoutajia, ven\u00e4j\u00e4nbolonkoja ja havannankoiria rakastaviin koteihin. Tervetuloa tutustumaan meihin! Voit ottaa my\u00f6s yhteytt\u00e4 s\u00e4hk\u00f6postilla tai puhelimitse: Nimi:&nbsp;Eero ja Maritta Sivula S\u00e4hk\u00f6posti:&nbsp;info@kingdahls.net Puhelin:&nbsp;+358 40 064 9871<\/p>\n","protected":false},"author":1,"featured_media":0,"parent":0,"menu_order":0,"comment_status":"closed","ping_status":"closed","template":"","meta":{"footnotes":""},"class_list":["post-33","page","type-page","status-publish","hentry","entry"],"yoast_head":"<!-- This site is optimized with the Yoast SEO plugin v24.9 - https:\/\/yoast.com\/wordpress\/plugins\/seo\/ -->\n<title>Tervetuloa! - KENNEL KINGDAHLS<\/title>\n<meta name=\"description\" content=\"Kennel Kingdahls on syd\u00e4mell\u00e4 toimiva koirakennel, jossa kasvatetaan labradorinnoutajia, ven\u00e4j\u00e4nbolonkoja ja havannankoiria rakastaviin koteihin. Tervetuloa tutustumaan!\" \/>\n<meta name=\"robots\" content=\"index, follow, max-snippet:-1, max-image-preview:large, max-video-preview:-1\" \/>\n<link rel=\"canonical\" href=\"https:\/\/kingdahls.net\/\" \/>\n<meta property=\"og:locale\" content=\"fi_FI\" \/>\n<meta property=\"og:type\" content=\"article\" \/>\n<meta property=\"og:title\" content=\"Tervetuloa! - KENNEL KINGDAHLS\" \/>\n<meta property=\"og:description\" content=\"Kennel Kingdahls on syd\u00e4mell\u00e4 toimiva koirakennel, jossa kasvatetaan labradorinnoutajia, ven\u00e4j\u00e4nbolonkoja ja havannankoiria rakastaviin koteihin. Tervetuloa tutustumaan!\" \/>\n<meta property=\"og:url\" content=\"https:\/\/kingdahls.net\/\" \/>\n<meta property=\"og:site_name\" content=\"KENNEL KINGDAHLS\" \/>\n<meta property=\"article:publisher\" content=\"https:\/\/fi-fi.facebook.com\/eero.sivula.9\" \/>\n<meta property=\"article:modified_time\" content=\"2025-04-16T14:42:55+00:00\" \/>\n<meta property=\"og:image\" content=\"http:\/\/kingdahls.net\/wp-content\/uploads\/2022\/01\/6B1AFC14-2EDC-4D94-81DA-ED5DDE254C8F-683x1024.jpeg\" \/>\n<meta name=\"twitter:card\" content=\"summary_large_image\" \/>\n<meta name=\"twitter:label1\" content=\"Arvioitu lukuaika\" \/>\n\t<meta name=\"twitter:data1\" content=\"1 minuutti\" \/>\n<script type=\"application\/ld+json\" class=\"yoast-schema-graph\">{\"@context\":\"https:\/\/schema.org\",\"@graph\":[{\"@type\":\"WebPage\",\"@id\":\"https:\/\/kingdahls.net\/\",\"url\":\"https:\/\/kingdahls.net\/\",\"name\":\"Tervetuloa! - KENNEL KINGDAHLS\",\"isPartOf\":{\"@id\":\"https:\/\/kingdahls.net\/#website\"},\"primaryImageOfPage\":{\"@id\":\"https:\/\/kingdahls.net\/#primaryimage\"},\"image\":{\"@id\":\"https:\/\/kingdahls.net\/#primaryimage\"},\"thumbnailUrl\":\"http:\/\/kingdahls.net\/wp-content\/uploads\/2022\/01\/6B1AFC14-2EDC-4D94-81DA-ED5DDE254C8F-683x1024.jpeg\",\"datePublished\":\"2022-01-30T12:52:43+00:00\",\"dateModified\":\"2025-04-16T14:42:55+00:00\",\"description\":\"Kennel Kingdahls on syd\u00e4mell\u00e4 toimiva koirakennel, jossa kasvatetaan labradorinnoutajia, ven\u00e4j\u00e4nbolonkoja ja havannankoiria rakastaviin koteihin. Tervetuloa tutustumaan!\",\"breadcrumb\":{\"@id\":\"https:\/\/kingdahls.net\/#breadcrumb\"},\"inLanguage\":\"fi\",\"potentialAction\":[{\"@type\":\"ReadAction\",\"target\":[\"https:\/\/kingdahls.net\/\"]}]},{\"@type\":\"ImageObject\",\"inLanguage\":\"fi\",\"@id\":\"https:\/\/kingdahls.net\/#primaryimage\",\"url\":\"http:\/\/kingdahls.net\/wp-content\/uploads\/2022\/01\/6B1AFC14-2EDC-4D94-81DA-ED5DDE254C8F-683x1024.jpeg\",\"contentUrl\":\"http:\/\/kingdahls.net\/wp-content\/uploads\/2022\/01\/6B1AFC14-2EDC-4D94-81DA-ED5DDE254C8F-683x1024.jpeg\"},{\"@type\":\"BreadcrumbList\",\"@id\":\"https:\/\/kingdahls.net\/#breadcrumb\",\"itemListElement\":[{\"@type\":\"ListItem\",\"position\":1,\"name\":\"Etusivu\",\"item\":\"https:\/\/kingdahls.net\/\"},{\"@type\":\"ListItem\",\"position\":2,\"name\":\"Tervetuloa!\"}]},{\"@type\":\"WebSite\",\"@id\":\"https:\/\/kingdahls.net\/#website\",\"url\":\"https:\/\/kingdahls.net\/\",\"name\":\"KENNEL KINGDAHLS\",\"description\":\"&quot;passion and interest for purebred dogs&quot;\",\"potentialAction\":[{\"@type\":\"SearchAction\",\"target\":{\"@type\":\"EntryPoint\",\"urlTemplate\":\"https:\/\/kingdahls.net\/?s={search_term_string}\"},\"query-input\":{\"@type\":\"PropertyValueSpecification\",\"valueRequired\":true,\"valueName\":\"search_term_string\"}}],\"inLanguage\":\"fi\"}]}<\/script>\n<!-- \/ Yoast SEO plugin. -->","yoast_head_json":{"title":"Tervetuloa! - KENNEL KINGDAHLS","description":"Kennel Kingdahls on syd\u00e4mell\u00e4 toimiva koirakennel, jossa kasvatetaan labradorinnoutajia, ven\u00e4j\u00e4nbolonkoja ja havannankoiria rakastaviin koteihin. Tervetuloa tutustumaan!","robots":{"index":"index","follow":"follow","max-snippet":"max-snippet:-1","max-image-preview":"max-image-preview:large","max-video-preview":"max-video-preview:-1"},"canonical":"https:\/\/kingdahls.net\/","og_locale":"fi_FI","og_type":"article","og_title":"Tervetuloa! - KENNEL KINGDAHLS","og_description":"Kennel Kingdahls on syd\u00e4mell\u00e4 toimiva koirakennel, jossa kasvatetaan labradorinnoutajia, ven\u00e4j\u00e4nbolonkoja ja havannankoiria rakastaviin koteihin. Tervetuloa tutustumaan!","og_url":"https:\/\/kingdahls.net\/","og_site_name":"KENNEL KINGDAHLS","article_publisher":"https:\/\/fi-fi.facebook.com\/eero.sivula.9","article_modified_time":"2025-04-16T14:42:55+00:00","og_image":[{"url":"http:\/\/kingdahls.net\/wp-content\/uploads\/2022\/01\/6B1AFC14-2EDC-4D94-81DA-ED5DDE254C8F-683x1024.jpeg","type":"","width":"","height":""}],"twitter_card":"summary_large_image","twitter_misc":{"Arvioitu lukuaika":"1 minuutti"},"schema":{"@context":"https:\/\/schema.org","@graph":[{"@type":"WebPage","@id":"https:\/\/kingdahls.net\/","url":"https:\/\/kingdahls.net\/","name":"Tervetuloa! - KENNEL KINGDAHLS","isPartOf":{"@id":"https:\/\/kingdahls.net\/#website"},"primaryImageOfPage":{"@id":"https:\/\/kingdahls.net\/#primaryimage"},"image":{"@id":"https:\/\/kingdahls.net\/#primaryimage"},"thumbnailUrl":"http:\/\/kingdahls.net\/wp-content\/uploads\/2022\/01\/6B1AFC14-2EDC-4D94-81DA-ED5DDE254C8F-683x1024.jpeg","datePublished":"2022-01-30T12:52:43+00:00","dateModified":"2025-04-16T14:42:55+00:00","description":"Kennel Kingdahls on syd\u00e4mell\u00e4 toimiva koirakennel, jossa kasvatetaan labradorinnoutajia, ven\u00e4j\u00e4nbolonkoja ja havannankoiria rakastaviin koteihin. Tervetuloa tutustumaan!","breadcrumb":{"@id":"https:\/\/kingdahls.net\/#breadcrumb"},"inLanguage":"fi","potentialAction":[{"@type":"ReadAction","target":["https:\/\/kingdahls.net\/"]}]},{"@type":"ImageObject","inLanguage":"fi","@id":"https:\/\/kingdahls.net\/#primaryimage","url":"http:\/\/kingdahls.net\/wp-content\/uploads\/2022\/01\/6B1AFC14-2EDC-4D94-81DA-ED5DDE254C8F-683x1024.jpeg","contentUrl":"http:\/\/kingdahls.net\/wp-content\/uploads\/2022\/01\/6B1AFC14-2EDC-4D94-81DA-ED5DDE254C8F-683x1024.jpeg"},{"@type":"BreadcrumbList","@id":"https:\/\/kingdahls.net\/#breadcrumb","itemListElement":[{"@type":"ListItem","position":1,"name":"Etusivu","item":"https:\/\/kingdahls.net\/"},{"@type":"ListItem","position":2,"name":"Tervetuloa!"}]},{"@type":"WebSite","@id":"https:\/\/kingdahls.net\/#website","url":"https:\/\/kingdahls.net\/","name":"KENNEL KINGDAHLS","description":"&quot;passion and interest for purebred dogs&quot;","potentialAction":[{"@type":"SearchAction","target":{"@type":"EntryPoint","urlTemplate":"https:\/\/kingdahls.net\/?s={search_term_string}"},"query-input":{"@type":"PropertyValueSpecification","valueRequired":true,"valueName":"search_term_string"}}],"inLanguage":"fi"}]}},"_links":{"self":[{"href":"https:\/\/kingdahls.net\/index.php\/wp-json\/wp\/v2\/pages\/33","targetHints":{"allow":["GET"]}}],"collection":[{"href":"https:\/\/kingdahls.net\/index.php\/wp-json\/wp\/v2\/pages"}],"about":[{"href":"https:\/\/kingdahls.net\/index.php\/wp-json\/wp\/v2\/types\/page"}],"author":[{"embeddable":true,"href":"https:\/\/kingdahls.net\/index.php\/wp-json\/wp\/v2\/users\/1"}],"replies":[{"embeddable":true,"href":"https:\/\/kingdahls.net\/index.php\/wp-json\/wp\/v2\/comments?post=33"}],"version-history":[{"count":23,"href":"https:\/\/kingdahls.net\/index.php\/wp-json\/wp\/v2\/pages\/33\/revisions"}],"predecessor-version":[{"id":1146,"href":"https:\/\/kingdahls.net\/index.php\/wp-json\/wp\/v2\/pages\/33\/revisions\/1146"}],"wp:attachment":[{"href":"https:\/\/kingdahls.net\/index.php\/wp-json\/wp\/v2\/media?parent=33"}],"curies":[{"name":"wp","href":"https:\/\/api.w.org\/{rel}","templated":true}]}}