{"id":195,"date":"2022-02-12T16:13:43","date_gmt":"2022-02-12T16:13:43","guid":{"rendered":"http:\/\/kingdahls.net\/?page_id=195"},"modified":"2025-04-16T12:38:18","modified_gmt":"2025-04-16T12:38:18","slug":"venajanbolonkat","status":"publish","type":"page","link":"https:\/\/kingdahls.net\/index.php\/venajanbolonkat\/","title":{"rendered":"Ven\u00e4j\u00e4nbolonkat"},"content":{"rendered":"\n<div class=\"wp-block-columns is-style-default is-layout-flex wp-container-core-columns-is-layout-9d6595d7 wp-block-columns-is-layout-flex\">\n<div class=\"wp-block-column is-layout-flow wp-block-column-is-layout-flow\" style=\"flex-basis:33.33%\">\n<figure class=\"wp-block-image size-large\"><img loading=\"lazy\" decoding=\"async\" width=\"768\" height=\"1024\" src=\"https:\/\/kingdahls.net\/wp-content\/uploads\/2023\/02\/IMG_9856-1-768x1024.jpeg\" alt=\"\" class=\"wp-image-545\" srcset=\"https:\/\/kingdahls.net\/wp-content\/uploads\/2023\/02\/IMG_9856-1-768x1024.jpeg 768w, https:\/\/kingdahls.net\/wp-content\/uploads\/2023\/02\/IMG_9856-1-225x300.jpeg 225w, https:\/\/kingdahls.net\/wp-content\/uploads\/2023\/02\/IMG_9856-1-1152x1536.jpeg 1152w, https:\/\/kingdahls.net\/wp-content\/uploads\/2023\/02\/IMG_9856-1-1536x2048.jpeg 1536w, https:\/\/kingdahls.net\/wp-content\/uploads\/2023\/02\/IMG_9856-1-1568x2091.jpeg 1568w, https:\/\/kingdahls.net\/wp-content\/uploads\/2023\/02\/IMG_9856-1-scaled.jpeg 1920w\" sizes=\"auto, (max-width: 768px) 100vw, 768px\" \/><\/figure>\n<\/div>\n\n\n\n<div class=\"wp-block-column is-layout-flow wp-block-column-is-layout-flow\" style=\"flex-basis:66.66%\">\n<h3 class=\"wp-block-heading\" id=\"ullanmaen-i-ll-be-by-your-side-prada\">DZIUGA PIENISKAS SOKOLADAS &#8221;LYYLI&#8221;<\/h3>\n\n\n\n<p><a href=\"https:\/\/jalostus.kennelliitto.fi\/frmKoira.aspx?RekNo=ER57528\/21&amp;R=913\">ER57528\/21<\/a><br>Lyyli <a href=\"https:\/\/jalostus.kennelliitto.fi\/frmKoira.aspx?RekNo=ER57528\/21&amp;R=913\">jalostustietoj\u00e4rjestelm\u00e4ss\u00e4<\/a><br>Yhteisomistuksessa Anneli Siukolan kanssa.<\/p>\n<\/div>\n<\/div>\n\n\n\n<p><\/p>\n\n\n\n<figure class=\"wp-block-image size-large\"><img loading=\"lazy\" decoding=\"async\" width=\"768\" height=\"1024\" src=\"https:\/\/kingdahls.net\/wp-content\/uploads\/2023\/02\/IMG_5575-768x1024.jpeg\" alt=\"\" class=\"wp-image-503\" srcset=\"https:\/\/kingdahls.net\/wp-content\/uploads\/2023\/02\/IMG_5575-768x1024.jpeg 768w, https:\/\/kingdahls.net\/wp-content\/uploads\/2023\/02\/IMG_5575-225x300.jpeg 225w, https:\/\/kingdahls.net\/wp-content\/uploads\/2023\/02\/IMG_5575-1152x1536.jpeg 1152w, https:\/\/kingdahls.net\/wp-content\/uploads\/2023\/02\/IMG_5575-1536x2048.jpeg 1536w, https:\/\/kingdahls.net\/wp-content\/uploads\/2023\/02\/IMG_5575-1568x2091.jpeg 1568w, https:\/\/kingdahls.net\/wp-content\/uploads\/2023\/02\/IMG_5575-scaled.jpeg 1920w\" sizes=\"auto, (max-width: 768px) 100vw, 768px\" \/><\/figure>\n\n\n\n<figure class=\"wp-block-image size-large\"><img loading=\"lazy\" decoding=\"async\" width=\"768\" height=\"1024\" src=\"https:\/\/kingdahls.net\/wp-content\/uploads\/2023\/02\/IMG_5586-768x1024.jpeg\" alt=\"\" class=\"wp-image-506\" srcset=\"https:\/\/kingdahls.net\/wp-content\/uploads\/2023\/02\/IMG_5586-768x1024.jpeg 768w, https:\/\/kingdahls.net\/wp-content\/uploads\/2023\/02\/IMG_5586-225x300.jpeg 225w, https:\/\/kingdahls.net\/wp-content\/uploads\/2023\/02\/IMG_5586-1152x1536.jpeg 1152w, https:\/\/kingdahls.net\/wp-content\/uploads\/2023\/02\/IMG_5586-1536x2048.jpeg 1536w, https:\/\/kingdahls.net\/wp-content\/uploads\/2023\/02\/IMG_5586-1568x2091.jpeg 1568w, https:\/\/kingdahls.net\/wp-content\/uploads\/2023\/02\/IMG_5586-scaled.jpeg 1920w\" sizes=\"auto, (max-width: 768px) 100vw, 768px\" \/><\/figure>\n\n\n\n<figure class=\"wp-block-gallery has-nested-images columns-default is-cropped wp-block-gallery-1 is-layout-flex wp-block-gallery-is-layout-flex\">\n<figure class=\"wp-block-image size-large\"><img loading=\"lazy\" decoding=\"async\" width=\"826\" height=\"1024\" data-id=\"737\" src=\"https:\/\/kingdahls.net\/wp-content\/uploads\/2024\/01\/IMG_6597-826x1024.jpeg\" alt=\"\" class=\"wp-image-737\" srcset=\"https:\/\/kingdahls.net\/wp-content\/uploads\/2024\/01\/IMG_6597-826x1024.jpeg 826w, https:\/\/kingdahls.net\/wp-content\/uploads\/2024\/01\/IMG_6597-242x300.jpeg 242w, https:\/\/kingdahls.net\/wp-content\/uploads\/2024\/01\/IMG_6597-768x952.jpeg 768w, https:\/\/kingdahls.net\/wp-content\/uploads\/2024\/01\/IMG_6597-1239x1536.jpeg 1239w, https:\/\/kingdahls.net\/wp-content\/uploads\/2024\/01\/IMG_6597-1652x2048.jpeg 1652w, https:\/\/kingdahls.net\/wp-content\/uploads\/2024\/01\/IMG_6597-1568x1943.jpeg 1568w\" sizes=\"auto, (max-width: 826px) 100vw, 826px\" \/><\/figure>\n\n\n\n<figure class=\"wp-block-image size-large\"><img loading=\"lazy\" decoding=\"async\" width=\"768\" height=\"1024\" data-id=\"735\" src=\"https:\/\/kingdahls.net\/wp-content\/uploads\/2024\/01\/IMG_6112-2-768x1024.jpeg\" alt=\"\" class=\"wp-image-735\" srcset=\"https:\/\/kingdahls.net\/wp-content\/uploads\/2024\/01\/IMG_6112-2-768x1024.jpeg 768w, https:\/\/kingdahls.net\/wp-content\/uploads\/2024\/01\/IMG_6112-2-225x300.jpeg 225w, https:\/\/kingdahls.net\/wp-content\/uploads\/2024\/01\/IMG_6112-2-1152x1536.jpeg 1152w, https:\/\/kingdahls.net\/wp-content\/uploads\/2024\/01\/IMG_6112-2-1536x2048.jpeg 1536w, https:\/\/kingdahls.net\/wp-content\/uploads\/2024\/01\/IMG_6112-2-1568x2091.jpeg 1568w, https:\/\/kingdahls.net\/wp-content\/uploads\/2024\/01\/IMG_6112-2-scaled.jpeg 1920w\" sizes=\"auto, (max-width: 768px) 100vw, 768px\" \/><\/figure>\n\n\n\n<figure class=\"wp-block-image size-large\"><img loading=\"lazy\" decoding=\"async\" width=\"768\" height=\"1024\" data-id=\"734\" src=\"https:\/\/kingdahls.net\/wp-content\/uploads\/2024\/01\/IMG_6089-2-768x1024.jpeg\" alt=\"\" class=\"wp-image-734\" srcset=\"https:\/\/kingdahls.net\/wp-content\/uploads\/2024\/01\/IMG_6089-2-768x1024.jpeg 768w, https:\/\/kingdahls.net\/wp-content\/uploads\/2024\/01\/IMG_6089-2-225x300.jpeg 225w, https:\/\/kingdahls.net\/wp-content\/uploads\/2024\/01\/IMG_6089-2-1152x1536.jpeg 1152w, https:\/\/kingdahls.net\/wp-content\/uploads\/2024\/01\/IMG_6089-2-1536x2048.jpeg 1536w, https:\/\/kingdahls.net\/wp-content\/uploads\/2024\/01\/IMG_6089-2-1568x2091.jpeg 1568w, https:\/\/kingdahls.net\/wp-content\/uploads\/2024\/01\/IMG_6089-2-scaled.jpeg 1920w\" sizes=\"auto, (max-width: 768px) 100vw, 768px\" \/><figcaption class=\"wp-element-caption\">Lyylin poikapentu<\/figcaption><\/figure>\n<\/figure>\n\n\n\n<figure class=\"wp-block-image size-large\"><img loading=\"lazy\" decoding=\"async\" width=\"768\" height=\"1024\" src=\"https:\/\/kingdahls.net\/wp-content\/uploads\/2024\/01\/IMG_7732-2-768x1024.jpeg\" alt=\"\" class=\"wp-image-744\" srcset=\"https:\/\/kingdahls.net\/wp-content\/uploads\/2024\/01\/IMG_7732-2-768x1024.jpeg 768w, https:\/\/kingdahls.net\/wp-content\/uploads\/2024\/01\/IMG_7732-2-225x300.jpeg 225w, https:\/\/kingdahls.net\/wp-content\/uploads\/2024\/01\/IMG_7732-2-1152x1536.jpeg 1152w, https:\/\/kingdahls.net\/wp-content\/uploads\/2024\/01\/IMG_7732-2-1536x2048.jpeg 1536w, https:\/\/kingdahls.net\/wp-content\/uploads\/2024\/01\/IMG_7732-2-1568x2091.jpeg 1568w, https:\/\/kingdahls.net\/wp-content\/uploads\/2024\/01\/IMG_7732-2-scaled.jpeg 1920w\" sizes=\"auto, (max-width: 768px) 100vw, 768px\" \/><\/figure>\n\n\n\n<figure class=\"wp-block-gallery has-nested-images columns-default is-cropped wp-block-gallery-2 is-layout-flex wp-block-gallery-is-layout-flex\">\n<figure class=\"wp-block-image size-large\"><img loading=\"lazy\" decoding=\"async\" width=\"768\" height=\"1024\" data-id=\"831\" src=\"https:\/\/kingdahls.net\/wp-content\/uploads\/2024\/04\/IMG_9764-768x1024.jpeg\" alt=\"\" class=\"wp-image-831\" srcset=\"https:\/\/kingdahls.net\/wp-content\/uploads\/2024\/04\/IMG_9764-768x1024.jpeg 768w, https:\/\/kingdahls.net\/wp-content\/uploads\/2024\/04\/IMG_9764-225x300.jpeg 225w, https:\/\/kingdahls.net\/wp-content\/uploads\/2024\/04\/IMG_9764-1152x1536.jpeg 1152w, https:\/\/kingdahls.net\/wp-content\/uploads\/2024\/04\/IMG_9764-1536x2048.jpeg 1536w, https:\/\/kingdahls.net\/wp-content\/uploads\/2024\/04\/IMG_9764-1568x2091.jpeg 1568w, https:\/\/kingdahls.net\/wp-content\/uploads\/2024\/04\/IMG_9764-scaled.jpeg 1920w\" sizes=\"auto, (max-width: 768px) 100vw, 768px\" \/><figcaption class=\"wp-element-caption\">Lyyli<\/figcaption><\/figure>\n\n\n\n<figure class=\"wp-block-image size-large\"><img loading=\"lazy\" decoding=\"async\" width=\"1024\" height=\"903\" data-id=\"833\" src=\"https:\/\/kingdahls.net\/wp-content\/uploads\/2024\/04\/IMG_2055-1024x903.jpeg\" alt=\"\" class=\"wp-image-833\" srcset=\"https:\/\/kingdahls.net\/wp-content\/uploads\/2024\/04\/IMG_2055-1024x903.jpeg 1024w, https:\/\/kingdahls.net\/wp-content\/uploads\/2024\/04\/IMG_2055-300x265.jpeg 300w, https:\/\/kingdahls.net\/wp-content\/uploads\/2024\/04\/IMG_2055-768x678.jpeg 768w, https:\/\/kingdahls.net\/wp-content\/uploads\/2024\/04\/IMG_2055-1536x1355.jpeg 1536w, https:\/\/kingdahls.net\/wp-content\/uploads\/2024\/04\/IMG_2055-2048x1807.jpeg 2048w, https:\/\/kingdahls.net\/wp-content\/uploads\/2024\/04\/IMG_2055-1568x1383.jpeg 1568w\" sizes=\"auto, (max-width: 1024px) 100vw, 1024px\" \/><\/figure>\n\n\n\n<figure class=\"wp-block-image size-large\"><img loading=\"lazy\" decoding=\"async\" width=\"846\" height=\"1024\" data-id=\"835\" src=\"https:\/\/kingdahls.net\/wp-content\/uploads\/2024\/04\/IMG_2048-1-846x1024.jpeg\" alt=\"\" class=\"wp-image-835\" srcset=\"https:\/\/kingdahls.net\/wp-content\/uploads\/2024\/04\/IMG_2048-1-846x1024.jpeg 846w, https:\/\/kingdahls.net\/wp-content\/uploads\/2024\/04\/IMG_2048-1-248x300.jpeg 248w, https:\/\/kingdahls.net\/wp-content\/uploads\/2024\/04\/IMG_2048-1-768x929.jpeg 768w, https:\/\/kingdahls.net\/wp-content\/uploads\/2024\/04\/IMG_2048-1-1270x1536.jpeg 1270w, https:\/\/kingdahls.net\/wp-content\/uploads\/2024\/04\/IMG_2048-1-1693x2048.jpeg 1693w, https:\/\/kingdahls.net\/wp-content\/uploads\/2024\/04\/IMG_2048-1-1568x1897.jpeg 1568w\" sizes=\"auto, (max-width: 846px) 100vw, 846px\" \/><\/figure>\n<\/figure>\n\n\n\n<p>Lyylin ihanat tytt\u00f6pennut syntyiv\u00e4t 13.3.-24; vilkkaat, reippaat tyt\u00f6t yhdistelm\u00e4st\u00e4: <a href=\"https:\/\/jalostus.kennelliitto.fi\/frmSukutaulu.aspx?RekNoE=ER57528\/21&amp;ReknoI=ER46518\/17\">https:\/\/jalostus.kennelliitto.fi\/frmSukutaulu.aspx?RekNoE=ER57528\/21&amp;ReknoI=ER46518\/17<\/a><\/p>\n\n\n\n<p><\/p>\n\n\n\n<p><\/p>\n\n\n\n<figure class=\"wp-block-gallery has-nested-images columns-default is-cropped wp-block-gallery-3 is-layout-flex wp-block-gallery-is-layout-flex\">\n<figure class=\"wp-block-image size-large\"><img loading=\"lazy\" decoding=\"async\" width=\"768\" height=\"1024\" data-id=\"923\" src=\"https:\/\/kingdahls.net\/wp-content\/uploads\/2024\/10\/IMG_4854-1-768x1024.jpeg\" alt=\"\" class=\"wp-image-923\" srcset=\"https:\/\/kingdahls.net\/wp-content\/uploads\/2024\/10\/IMG_4854-1-768x1024.jpeg 768w, https:\/\/kingdahls.net\/wp-content\/uploads\/2024\/10\/IMG_4854-1-225x300.jpeg 225w, https:\/\/kingdahls.net\/wp-content\/uploads\/2024\/10\/IMG_4854-1-1152x1536.jpeg 1152w, https:\/\/kingdahls.net\/wp-content\/uploads\/2024\/10\/IMG_4854-1-1536x2048.jpeg 1536w, https:\/\/kingdahls.net\/wp-content\/uploads\/2024\/10\/IMG_4854-1-1568x2091.jpeg 1568w, https:\/\/kingdahls.net\/wp-content\/uploads\/2024\/10\/IMG_4854-1-scaled.jpeg 1920w\" sizes=\"auto, (max-width: 768px) 100vw, 768px\" \/><\/figure>\n\n\n\n<figure class=\"wp-block-image size-large\"><img loading=\"lazy\" decoding=\"async\" width=\"601\" height=\"800\" data-id=\"925\" src=\"https:\/\/kingdahls.net\/wp-content\/uploads\/2024\/10\/002_Sawo24-hres-291.jpg\" alt=\"\" class=\"wp-image-925\" srcset=\"https:\/\/kingdahls.net\/wp-content\/uploads\/2024\/10\/002_Sawo24-hres-291.jpg 601w, https:\/\/kingdahls.net\/wp-content\/uploads\/2024\/10\/002_Sawo24-hres-291-225x300.jpg 225w\" sizes=\"auto, (max-width: 601px) 100vw, 601px\" \/><\/figure>\n\n\n\n<figure class=\"wp-block-image size-large\"><img loading=\"lazy\" decoding=\"async\" width=\"913\" height=\"1024\" data-id=\"924\" src=\"https:\/\/kingdahls.net\/wp-content\/uploads\/2024\/10\/IMG_4987-1-913x1024.jpeg\" alt=\"\" class=\"wp-image-924\" srcset=\"https:\/\/kingdahls.net\/wp-content\/uploads\/2024\/10\/IMG_4987-1-913x1024.jpeg 913w, https:\/\/kingdahls.net\/wp-content\/uploads\/2024\/10\/IMG_4987-1-267x300.jpeg 267w, https:\/\/kingdahls.net\/wp-content\/uploads\/2024\/10\/IMG_4987-1-768x861.jpeg 768w, https:\/\/kingdahls.net\/wp-content\/uploads\/2024\/10\/IMG_4987-1-1369x1536.jpeg 1369w, https:\/\/kingdahls.net\/wp-content\/uploads\/2024\/10\/IMG_4987-1-1826x2048.jpeg 1826w, https:\/\/kingdahls.net\/wp-content\/uploads\/2024\/10\/IMG_4987-1-1568x1759.jpeg 1568w\" sizes=\"auto, (max-width: 913px) 100vw, 913px\" \/><\/figure>\n<\/figure>\n\n\n\n<p>Leila ja Helmi n\u00e4yttelyiss\u00e4<\/p>\n\n\n\n<figure class=\"wp-block-image size-large\"><img loading=\"lazy\" decoding=\"async\" width=\"768\" height=\"1024\" src=\"https:\/\/kingdahls.net\/wp-content\/uploads\/2024\/10\/IMG_5650-768x1024.jpeg\" alt=\"\" class=\"wp-image-926\" srcset=\"https:\/\/kingdahls.net\/wp-content\/uploads\/2024\/10\/IMG_5650-768x1024.jpeg 768w, https:\/\/kingdahls.net\/wp-content\/uploads\/2024\/10\/IMG_5650-225x300.jpeg 225w, https:\/\/kingdahls.net\/wp-content\/uploads\/2024\/10\/IMG_5650-1152x1536.jpeg 1152w, https:\/\/kingdahls.net\/wp-content\/uploads\/2024\/10\/IMG_5650-1536x2048.jpeg 1536w, https:\/\/kingdahls.net\/wp-content\/uploads\/2024\/10\/IMG_5650-1568x2091.jpeg 1568w, https:\/\/kingdahls.net\/wp-content\/uploads\/2024\/10\/IMG_5650-scaled.jpeg 1920w\" sizes=\"auto, (max-width: 768px) 100vw, 768px\" \/><\/figure>\n\n\n\n<p>Leila,    Leila Pieniskas Sokoladas  <\/p>\n\n\n\n<p><\/p>\n","protected":false},"excerpt":{"rendered":"<p>DZIUGA PIENISKAS SOKOLADAS &#8221;LYYLI&#8221; ER57528\/21Lyyli jalostustietoj\u00e4rjestelm\u00e4ss\u00e4Yhteisomistuksessa Anneli Siukolan kanssa. Lyylin ihanat tytt\u00f6pennut syntyiv\u00e4t 13.3.-24; vilkkaat, reippaat tyt\u00f6t yhdistelm\u00e4st\u00e4: https:\/\/jalostus.kennelliitto.fi\/frmSukutaulu.aspx?RekNoE=ER57528\/21&amp;ReknoI=ER46518\/17 Leila ja Helmi n\u00e4yttelyiss\u00e4 Leila, Leila Pieniskas Sokoladas<\/p>\n","protected":false},"author":2,"featured_media":0,"parent":0,"menu_order":0,"comment_status":"closed","ping_status":"closed","template":"","meta":{"footnotes":""},"class_list":["post-195","page","type-page","status-publish","hentry","entry"],"yoast_head":"<!-- This site is optimized with the Yoast SEO plugin v24.9 - https:\/\/yoast.com\/wordpress\/plugins\/seo\/ -->\n<title>Ven\u00e4j\u00e4nbolonkat - KENNEL KINGDAHLS<\/title>\n<meta name=\"robots\" content=\"index, follow, max-snippet:-1, max-image-preview:large, max-video-preview:-1\" \/>\n<link rel=\"canonical\" href=\"https:\/\/kingdahls.net\/index.php\/venajanbolonkat\/\" \/>\n<meta property=\"og:locale\" content=\"fi_FI\" \/>\n<meta property=\"og:type\" content=\"article\" \/>\n<meta property=\"og:title\" content=\"Ven\u00e4j\u00e4nbolonkat - KENNEL KINGDAHLS\" \/>\n<meta property=\"og:description\" content=\"DZIUGA PIENISKAS SOKOLADAS &#8221;LYYLI&#8221; ER57528\/21Lyyli jalostustietoj\u00e4rjestelm\u00e4ss\u00e4Yhteisomistuksessa Anneli Siukolan kanssa. Lyylin ihanat tytt\u00f6pennut syntyiv\u00e4t 13.3.-24; vilkkaat, reippaat tyt\u00f6t yhdistelm\u00e4st\u00e4: https:\/\/jalostus.kennelliitto.fi\/frmSukutaulu.aspx?RekNoE=ER57528\/21&amp;ReknoI=ER46518\/17 Leila ja Helmi n\u00e4yttelyiss\u00e4 Leila, Leila Pieniskas Sokoladas\" \/>\n<meta property=\"og:url\" content=\"https:\/\/kingdahls.net\/index.php\/venajanbolonkat\/\" \/>\n<meta property=\"og:site_name\" content=\"KENNEL KINGDAHLS\" \/>\n<meta property=\"article:publisher\" content=\"https:\/\/fi-fi.facebook.com\/eero.sivula.9\" \/>\n<meta property=\"article:modified_time\" content=\"2025-04-16T12:38:18+00:00\" \/>\n<meta property=\"og:image\" content=\"https:\/\/kingdahls.net\/wp-content\/uploads\/2023\/02\/IMG_9856-1-scaled.jpeg\" \/>\n\t<meta property=\"og:image:width\" content=\"1920\" \/>\n\t<meta property=\"og:image:height\" content=\"2560\" \/>\n\t<meta property=\"og:image:type\" content=\"image\/jpeg\" \/>\n<meta name=\"twitter:card\" content=\"summary_large_image\" \/>\n<meta name=\"twitter:label1\" content=\"Arvioitu lukuaika\" \/>\n\t<meta name=\"twitter:data1\" content=\"3 minuuttia\" \/>\n<script type=\"application\/ld+json\" class=\"yoast-schema-graph\">{\"@context\":\"https:\/\/schema.org\",\"@graph\":[{\"@type\":\"WebPage\",\"@id\":\"https:\/\/kingdahls.net\/index.php\/venajanbolonkat\/\",\"url\":\"https:\/\/kingdahls.net\/index.php\/venajanbolonkat\/\",\"name\":\"Ven\u00e4j\u00e4nbolonkat - KENNEL KINGDAHLS\",\"isPartOf\":{\"@id\":\"https:\/\/kingdahls.net\/#website\"},\"primaryImageOfPage\":{\"@id\":\"https:\/\/kingdahls.net\/index.php\/venajanbolonkat\/#primaryimage\"},\"image\":{\"@id\":\"https:\/\/kingdahls.net\/index.php\/venajanbolonkat\/#primaryimage\"},\"thumbnailUrl\":\"https:\/\/kingdahls.net\/wp-content\/uploads\/2023\/02\/IMG_9856-1-768x1024.jpeg\",\"datePublished\":\"2022-02-12T16:13:43+00:00\",\"dateModified\":\"2025-04-16T12:38:18+00:00\",\"breadcrumb\":{\"@id\":\"https:\/\/kingdahls.net\/index.php\/venajanbolonkat\/#breadcrumb\"},\"inLanguage\":\"fi\",\"potentialAction\":[{\"@type\":\"ReadAction\",\"target\":[\"https:\/\/kingdahls.net\/index.php\/venajanbolonkat\/\"]}]},{\"@type\":\"ImageObject\",\"inLanguage\":\"fi\",\"@id\":\"https:\/\/kingdahls.net\/index.php\/venajanbolonkat\/#primaryimage\",\"url\":\"https:\/\/kingdahls.net\/wp-content\/uploads\/2023\/02\/IMG_9856-1-scaled.jpeg\",\"contentUrl\":\"https:\/\/kingdahls.net\/wp-content\/uploads\/2023\/02\/IMG_9856-1-scaled.jpeg\",\"width\":1920,\"height\":2560},{\"@type\":\"BreadcrumbList\",\"@id\":\"https:\/\/kingdahls.net\/index.php\/venajanbolonkat\/#breadcrumb\",\"itemListElement\":[{\"@type\":\"ListItem\",\"position\":1,\"name\":\"Etusivu\",\"item\":\"https:\/\/kingdahls.net\/\"},{\"@type\":\"ListItem\",\"position\":2,\"name\":\"Ven\u00e4j\u00e4nbolonkat\"}]},{\"@type\":\"WebSite\",\"@id\":\"https:\/\/kingdahls.net\/#website\",\"url\":\"https:\/\/kingdahls.net\/\",\"name\":\"KENNEL KINGDAHLS\",\"description\":\"&quot;passion and interest for purebred dogs&quot;\",\"potentialAction\":[{\"@type\":\"SearchAction\",\"target\":{\"@type\":\"EntryPoint\",\"urlTemplate\":\"https:\/\/kingdahls.net\/?s={search_term_string}\"},\"query-input\":{\"@type\":\"PropertyValueSpecification\",\"valueRequired\":true,\"valueName\":\"search_term_string\"}}],\"inLanguage\":\"fi\"}]}<\/script>\n<!-- \/ Yoast SEO plugin. -->","yoast_head_json":{"title":"Ven\u00e4j\u00e4nbolonkat - KENNEL KINGDAHLS","robots":{"index":"index","follow":"follow","max-snippet":"max-snippet:-1","max-image-preview":"max-image-preview:large","max-video-preview":"max-video-preview:-1"},"canonical":"https:\/\/kingdahls.net\/index.php\/venajanbolonkat\/","og_locale":"fi_FI","og_type":"article","og_title":"Ven\u00e4j\u00e4nbolonkat - KENNEL KINGDAHLS","og_description":"DZIUGA PIENISKAS SOKOLADAS &#8221;LYYLI&#8221; ER57528\/21Lyyli jalostustietoj\u00e4rjestelm\u00e4ss\u00e4Yhteisomistuksessa Anneli Siukolan kanssa. Lyylin ihanat tytt\u00f6pennut syntyiv\u00e4t 13.3.-24; vilkkaat, reippaat tyt\u00f6t yhdistelm\u00e4st\u00e4: https:\/\/jalostus.kennelliitto.fi\/frmSukutaulu.aspx?RekNoE=ER57528\/21&amp;ReknoI=ER46518\/17 Leila ja Helmi n\u00e4yttelyiss\u00e4 Leila, Leila Pieniskas Sokoladas","og_url":"https:\/\/kingdahls.net\/index.php\/venajanbolonkat\/","og_site_name":"KENNEL KINGDAHLS","article_publisher":"https:\/\/fi-fi.facebook.com\/eero.sivula.9","article_modified_time":"2025-04-16T12:38:18+00:00","og_image":[{"width":1920,"height":2560,"url":"https:\/\/kingdahls.net\/wp-content\/uploads\/2023\/02\/IMG_9856-1-scaled.jpeg","type":"image\/jpeg"}],"twitter_card":"summary_large_image","twitter_misc":{"Arvioitu lukuaika":"3 minuuttia"},"schema":{"@context":"https:\/\/schema.org","@graph":[{"@type":"WebPage","@id":"https:\/\/kingdahls.net\/index.php\/venajanbolonkat\/","url":"https:\/\/kingdahls.net\/index.php\/venajanbolonkat\/","name":"Ven\u00e4j\u00e4nbolonkat - KENNEL KINGDAHLS","isPartOf":{"@id":"https:\/\/kingdahls.net\/#website"},"primaryImageOfPage":{"@id":"https:\/\/kingdahls.net\/index.php\/venajanbolonkat\/#primaryimage"},"image":{"@id":"https:\/\/kingdahls.net\/index.php\/venajanbolonkat\/#primaryimage"},"thumbnailUrl":"https:\/\/kingdahls.net\/wp-content\/uploads\/2023\/02\/IMG_9856-1-768x1024.jpeg","datePublished":"2022-02-12T16:13:43+00:00","dateModified":"2025-04-16T12:38:18+00:00","breadcrumb":{"@id":"https:\/\/kingdahls.net\/index.php\/venajanbolonkat\/#breadcrumb"},"inLanguage":"fi","potentialAction":[{"@type":"ReadAction","target":["https:\/\/kingdahls.net\/index.php\/venajanbolonkat\/"]}]},{"@type":"ImageObject","inLanguage":"fi","@id":"https:\/\/kingdahls.net\/index.php\/venajanbolonkat\/#primaryimage","url":"https:\/\/kingdahls.net\/wp-content\/uploads\/2023\/02\/IMG_9856-1-scaled.jpeg","contentUrl":"https:\/\/kingdahls.net\/wp-content\/uploads\/2023\/02\/IMG_9856-1-scaled.jpeg","width":1920,"height":2560},{"@type":"BreadcrumbList","@id":"https:\/\/kingdahls.net\/index.php\/venajanbolonkat\/#breadcrumb","itemListElement":[{"@type":"ListItem","position":1,"name":"Etusivu","item":"https:\/\/kingdahls.net\/"},{"@type":"ListItem","position":2,"name":"Ven\u00e4j\u00e4nbolonkat"}]},{"@type":"WebSite","@id":"https:\/\/kingdahls.net\/#website","url":"https:\/\/kingdahls.net\/","name":"KENNEL KINGDAHLS","description":"&quot;passion and interest for purebred dogs&quot;","potentialAction":[{"@type":"SearchAction","target":{"@type":"EntryPoint","urlTemplate":"https:\/\/kingdahls.net\/?s={search_term_string}"},"query-input":{"@type":"PropertyValueSpecification","valueRequired":true,"valueName":"search_term_string"}}],"inLanguage":"fi"}]}},"_links":{"self":[{"href":"https:\/\/kingdahls.net\/index.php\/wp-json\/wp\/v2\/pages\/195","targetHints":{"allow":["GET"]}}],"collection":[{"href":"https:\/\/kingdahls.net\/index.php\/wp-json\/wp\/v2\/pages"}],"about":[{"href":"https:\/\/kingdahls.net\/index.php\/wp-json\/wp\/v2\/types\/page"}],"author":[{"embeddable":true,"href":"https:\/\/kingdahls.net\/index.php\/wp-json\/wp\/v2\/users\/2"}],"replies":[{"embeddable":true,"href":"https:\/\/kingdahls.net\/index.php\/wp-json\/wp\/v2\/comments?post=195"}],"version-history":[{"count":13,"href":"https:\/\/kingdahls.net\/index.php\/wp-json\/wp\/v2\/pages\/195\/revisions"}],"predecessor-version":[{"id":1101,"href":"https:\/\/kingdahls.net\/index.php\/wp-json\/wp\/v2\/pages\/195\/revisions\/1101"}],"wp:attachment":[{"href":"https:\/\/kingdahls.net\/index.php\/wp-json\/wp\/v2\/media?parent=195"}],"curies":[{"name":"wp","href":"https:\/\/api.w.org\/{rel}","templated":true}]}}