{"id":1037,"date":"2025-04-09T12:18:33","date_gmt":"2025-04-09T12:18:33","guid":{"rendered":"https:\/\/kingdahls.net\/?page_id=1037"},"modified":"2025-04-16T14:37:59","modified_gmt":"2025-04-16T14:37:59","slug":"jalleenmyynti-paikka-tuotteet","status":"publish","type":"page","link":"https:\/\/kingdahls.net\/index.php\/jalleenmyynti-paikka-tuotteet\/","title":{"rendered":"PAIKKA -tuotteet"},"content":{"rendered":"\n<figure class=\"wp-block-image size-full\"><img loading=\"lazy\" decoding=\"async\" width=\"162\" height=\"44\" src=\"https:\/\/kingdahls.net\/wp-content\/uploads\/2025\/04\/Outlook-5d23zsm2.png\" alt=\"\" class=\"wp-image-1038\"\/><\/figure>\n\n\n\n<p class=\"has-text-align-center\"><strong>PAIKKA &#8211; T\u00e4ydelliset varusteet koira-arkeen ja ulkoiluun<\/strong><\/p>\n\n\n\n<p class=\"has-text-align-center\">Meille koirien hyvinvointi on kaiken ydin \u2013 siksi olemme ylpeit\u00e4 siit\u00e4, ett\u00e4 saamme j\u00e4lleenmyyd\u00e4 kotimaista <strong>PAIKKA<\/strong>-tuotemerkki\u00e4. PAIKKA yhdist\u00e4\u00e4 suomalaisen muotoilun, k\u00e4yt\u00e4nn\u00f6llisyyden ja turvallisuuden tuotteiksi, jotka tukevat koiran hyvinvointia arjessa ja harrastuksissa.<\/p>\n\n\n\n<p class=\"has-text-align-center\">Valikoimasta l\u00f6yd\u00e4t laadukkaat tuotteet sek\u00e4 koirille ett\u00e4 ihmisille: esimerkiksi ergonomiset valjaat, s\u00e4\u00e4olosuhteisiin sopivat takit sek\u00e4 heijastavat varusteet, jotka tekev\u00e4t ulkoilusta turvallista ja mukavaa vuodenajasta riippumatta. Kaikki tuotteet on suunniteltu koiran tarpeet edell\u00e4 \u2013 mutta tyylikkyytt\u00e4 unohtamatta. <\/p>\n\n\n\n<p class=\"has-text-align-center\">Tutustu valikoimaan <a href=\"https:\/\/paikka.pet\/\">t\u00e4st\u00e4<\/a> ja ota meihin yhteytt\u00e4. Voimme auttaa valitsemaan teillekin uudet suosikkivarusteet!<\/p>\n\n\n\n<p class=\"has-text-align-center\"><strong>Meilt\u00e4 kaikki Paikka -merkin normaalihintaiset tuotteet -30% alennuksella. <\/strong><\/p>\n\n\n\n<div class=\"wp-block-group is-vertical is-layout-flex wp-container-core-group-is-layout-8cf370e7 wp-block-group-is-layout-flex\">\n<div class=\"wp-block-group is-vertical is-layout-flex wp-container-core-group-is-layout-8cf370e7 wp-block-group-is-layout-flex\">\n<figure class=\"wp-block-image size-large\"><img loading=\"lazy\" decoding=\"async\" width=\"768\" height=\"1024\" src=\"https:\/\/kingdahls.net\/wp-content\/uploads\/2025\/04\/IMG_0692-768x1024.jpeg\" alt=\"\" class=\"wp-image-1039\" srcset=\"https:\/\/kingdahls.net\/wp-content\/uploads\/2025\/04\/IMG_0692-768x1024.jpeg 768w, https:\/\/kingdahls.net\/wp-content\/uploads\/2025\/04\/IMG_0692-225x300.jpeg 225w, https:\/\/kingdahls.net\/wp-content\/uploads\/2025\/04\/IMG_0692-1152x1536.jpeg 1152w, https:\/\/kingdahls.net\/wp-content\/uploads\/2025\/04\/IMG_0692-1536x2048.jpeg 1536w, https:\/\/kingdahls.net\/wp-content\/uploads\/2025\/04\/IMG_0692-1568x2091.jpeg 1568w, https:\/\/kingdahls.net\/wp-content\/uploads\/2025\/04\/IMG_0692-scaled.jpeg 1920w\" sizes=\"auto, (max-width: 768px) 100vw, 768px\" \/><\/figure>\n\n\n\n<figure class=\"wp-block-image size-full\"><img loading=\"lazy\" decoding=\"async\" width=\"899\" height=\"1024\" src=\"https:\/\/kingdahls.net\/wp-content\/uploads\/2025\/04\/paikkapennutparempi.jpg\" alt=\"\" class=\"wp-image-1121\" srcset=\"https:\/\/kingdahls.net\/wp-content\/uploads\/2025\/04\/paikkapennutparempi.jpg 899w, https:\/\/kingdahls.net\/wp-content\/uploads\/2025\/04\/paikkapennutparempi-263x300.jpg 263w, https:\/\/kingdahls.net\/wp-content\/uploads\/2025\/04\/paikkapennutparempi-768x875.jpg 768w\" sizes=\"auto, (max-width: 899px) 100vw, 899px\" \/><\/figure>\n<\/div>\n<\/div>\n\n\n\n<figure class=\"wp-block-image size-large\"><img loading=\"lazy\" decoding=\"async\" width=\"768\" height=\"1024\" src=\"https:\/\/kingdahls.net\/wp-content\/uploads\/2025\/04\/IMG_0578-768x1024.jpeg\" alt=\"\" class=\"wp-image-1040\" srcset=\"https:\/\/kingdahls.net\/wp-content\/uploads\/2025\/04\/IMG_0578-768x1024.jpeg 768w, https:\/\/kingdahls.net\/wp-content\/uploads\/2025\/04\/IMG_0578-225x300.jpeg 225w, https:\/\/kingdahls.net\/wp-content\/uploads\/2025\/04\/IMG_0578-1152x1536.jpeg 1152w, https:\/\/kingdahls.net\/wp-content\/uploads\/2025\/04\/IMG_0578-1536x2048.jpeg 1536w, https:\/\/kingdahls.net\/wp-content\/uploads\/2025\/04\/IMG_0578-1568x2091.jpeg 1568w, https:\/\/kingdahls.net\/wp-content\/uploads\/2025\/04\/IMG_0578-scaled.jpeg 1920w\" sizes=\"auto, (max-width: 768px) 100vw, 768px\" \/><\/figure>\n\n\n\n<div class=\"wp-block-group is-vertical is-layout-flex wp-container-core-group-is-layout-8cf370e7 wp-block-group-is-layout-flex\">\n<figure class=\"wp-block-image size-large\"><img loading=\"lazy\" decoding=\"async\" width=\"625\" height=\"1024\" src=\"https:\/\/kingdahls.net\/wp-content\/uploads\/2025\/04\/IMG_0577-2-625x1024.jpeg\" alt=\"\" class=\"wp-image-1042\" srcset=\"https:\/\/kingdahls.net\/wp-content\/uploads\/2025\/04\/IMG_0577-2-625x1024.jpeg 625w, https:\/\/kingdahls.net\/wp-content\/uploads\/2025\/04\/IMG_0577-2-183x300.jpeg 183w, https:\/\/kingdahls.net\/wp-content\/uploads\/2025\/04\/IMG_0577-2-768x1259.jpeg 768w, https:\/\/kingdahls.net\/wp-content\/uploads\/2025\/04\/IMG_0577-2-937x1536.jpeg 937w, https:\/\/kingdahls.net\/wp-content\/uploads\/2025\/04\/IMG_0577-2-1249x2048.jpeg 1249w, https:\/\/kingdahls.net\/wp-content\/uploads\/2025\/04\/IMG_0577-2-1568x2570.jpeg 1568w, https:\/\/kingdahls.net\/wp-content\/uploads\/2025\/04\/IMG_0577-2-scaled.jpeg 1562w\" sizes=\"auto, (max-width: 625px) 100vw, 625px\" \/><\/figure>\n\n\n\n<figure class=\"wp-block-image size-full\"><img loading=\"lazy\" decoding=\"async\" width=\"768\" height=\"1024\" src=\"https:\/\/kingdahls.net\/wp-content\/uploads\/2025\/04\/paikkatuotteet.jpg\" alt=\"\" class=\"wp-image-1120\" srcset=\"https:\/\/kingdahls.net\/wp-content\/uploads\/2025\/04\/paikkatuotteet.jpg 768w, https:\/\/kingdahls.net\/wp-content\/uploads\/2025\/04\/paikkatuotteet-225x300.jpg 225w\" sizes=\"auto, (max-width: 768px) 100vw, 768px\" \/><\/figure>\n<\/div>\n\n\n\n<figure class=\"wp-block-image size-full\"><img loading=\"lazy\" decoding=\"async\" width=\"162\" height=\"44\" src=\"https:\/\/kingdahls.net\/wp-content\/uploads\/2025\/04\/Outlook-23iwwunj.png\" alt=\"\" class=\"wp-image-1043\"\/><\/figure>\n","protected":false},"excerpt":{"rendered":"<p>PAIKKA &#8211; T\u00e4ydelliset varusteet koira-arkeen ja ulkoiluun Meille koirien hyvinvointi on kaiken ydin \u2013 siksi olemme ylpeit\u00e4 siit\u00e4, ett\u00e4 saamme j\u00e4lleenmyyd\u00e4 kotimaista PAIKKA-tuotemerkki\u00e4. PAIKKA yhdist\u00e4\u00e4 suomalaisen muotoilun, k\u00e4yt\u00e4nn\u00f6llisyyden ja turvallisuuden tuotteiksi, jotka tukevat koiran hyvinvointia arjessa ja harrastuksissa. Valikoimasta l\u00f6yd\u00e4t laadukkaat tuotteet sek\u00e4 koirille ett\u00e4 ihmisille: esimerkiksi ergonomiset valjaat, s\u00e4\u00e4olosuhteisiin sopivat takit sek\u00e4 heijastavat varusteet,&hellip; <a class=\"more-link\" href=\"https:\/\/kingdahls.net\/index.php\/jalleenmyynti-paikka-tuotteet\/\">Jatka lukemista <span class=\"screen-reader-text\">PAIKKA -tuotteet<\/span><\/a><\/p>\n","protected":false},"author":2,"featured_media":0,"parent":0,"menu_order":0,"comment_status":"closed","ping_status":"closed","template":"","meta":{"footnotes":""},"class_list":["post-1037","page","type-page","status-publish","hentry","entry"],"yoast_head":"<!-- This site is optimized with the Yoast SEO plugin v24.9 - https:\/\/yoast.com\/wordpress\/plugins\/seo\/ -->\n<title>PAIKKA -tuotteet - KENNEL KINGDAHLS<\/title>\n<meta name=\"robots\" content=\"index, follow, max-snippet:-1, max-image-preview:large, max-video-preview:-1\" \/>\n<link rel=\"canonical\" href=\"https:\/\/kingdahls.net\/index.php\/jalleenmyynti-paikka-tuotteet\/\" \/>\n<meta property=\"og:locale\" content=\"fi_FI\" \/>\n<meta property=\"og:type\" content=\"article\" \/>\n<meta property=\"og:title\" content=\"PAIKKA -tuotteet - KENNEL KINGDAHLS\" \/>\n<meta property=\"og:description\" content=\"PAIKKA &#8211; T\u00e4ydelliset varusteet koira-arkeen ja ulkoiluun Meille koirien hyvinvointi on kaiken ydin \u2013 siksi olemme ylpeit\u00e4 siit\u00e4, ett\u00e4 saamme j\u00e4lleenmyyd\u00e4 kotimaista PAIKKA-tuotemerkki\u00e4. PAIKKA yhdist\u00e4\u00e4 suomalaisen muotoilun, k\u00e4yt\u00e4nn\u00f6llisyyden ja turvallisuuden tuotteiksi, jotka tukevat koiran hyvinvointia arjessa ja harrastuksissa. Valikoimasta l\u00f6yd\u00e4t laadukkaat tuotteet sek\u00e4 koirille ett\u00e4 ihmisille: esimerkiksi ergonomiset valjaat, s\u00e4\u00e4olosuhteisiin sopivat takit sek\u00e4 heijastavat varusteet,&hellip; Jatka lukemista PAIKKA -tuotteet\" \/>\n<meta property=\"og:url\" content=\"https:\/\/kingdahls.net\/index.php\/jalleenmyynti-paikka-tuotteet\/\" \/>\n<meta property=\"og:site_name\" content=\"KENNEL KINGDAHLS\" \/>\n<meta property=\"article:publisher\" content=\"https:\/\/fi-fi.facebook.com\/eero.sivula.9\" \/>\n<meta property=\"article:modified_time\" content=\"2025-04-16T14:37:59+00:00\" \/>\n<meta property=\"og:image\" content=\"https:\/\/kingdahls.net\/wp-content\/uploads\/2025\/04\/Outlook-5d23zsm2.png\" \/>\n\t<meta property=\"og:image:width\" content=\"162\" \/>\n\t<meta property=\"og:image:height\" content=\"44\" \/>\n\t<meta property=\"og:image:type\" content=\"image\/png\" \/>\n<meta name=\"twitter:card\" content=\"summary_large_image\" \/>\n<meta name=\"twitter:label1\" content=\"Arvioitu lukuaika\" \/>\n\t<meta name=\"twitter:data1\" content=\"2 minuuttia\" \/>\n<script type=\"application\/ld+json\" class=\"yoast-schema-graph\">{\"@context\":\"https:\/\/schema.org\",\"@graph\":[{\"@type\":\"WebPage\",\"@id\":\"https:\/\/kingdahls.net\/index.php\/jalleenmyynti-paikka-tuotteet\/\",\"url\":\"https:\/\/kingdahls.net\/index.php\/jalleenmyynti-paikka-tuotteet\/\",\"name\":\"PAIKKA -tuotteet - KENNEL KINGDAHLS\",\"isPartOf\":{\"@id\":\"https:\/\/kingdahls.net\/#website\"},\"primaryImageOfPage\":{\"@id\":\"https:\/\/kingdahls.net\/index.php\/jalleenmyynti-paikka-tuotteet\/#primaryimage\"},\"image\":{\"@id\":\"https:\/\/kingdahls.net\/index.php\/jalleenmyynti-paikka-tuotteet\/#primaryimage\"},\"thumbnailUrl\":\"https:\/\/kingdahls.net\/wp-content\/uploads\/2025\/04\/Outlook-5d23zsm2.png\",\"datePublished\":\"2025-04-09T12:18:33+00:00\",\"dateModified\":\"2025-04-16T14:37:59+00:00\",\"breadcrumb\":{\"@id\":\"https:\/\/kingdahls.net\/index.php\/jalleenmyynti-paikka-tuotteet\/#breadcrumb\"},\"inLanguage\":\"fi\",\"potentialAction\":[{\"@type\":\"ReadAction\",\"target\":[\"https:\/\/kingdahls.net\/index.php\/jalleenmyynti-paikka-tuotteet\/\"]}]},{\"@type\":\"ImageObject\",\"inLanguage\":\"fi\",\"@id\":\"https:\/\/kingdahls.net\/index.php\/jalleenmyynti-paikka-tuotteet\/#primaryimage\",\"url\":\"https:\/\/kingdahls.net\/wp-content\/uploads\/2025\/04\/Outlook-5d23zsm2.png\",\"contentUrl\":\"https:\/\/kingdahls.net\/wp-content\/uploads\/2025\/04\/Outlook-5d23zsm2.png\",\"width\":162,\"height\":44},{\"@type\":\"BreadcrumbList\",\"@id\":\"https:\/\/kingdahls.net\/index.php\/jalleenmyynti-paikka-tuotteet\/#breadcrumb\",\"itemListElement\":[{\"@type\":\"ListItem\",\"position\":1,\"name\":\"Etusivu\",\"item\":\"https:\/\/kingdahls.net\/\"},{\"@type\":\"ListItem\",\"position\":2,\"name\":\"PAIKKA -tuotteet\"}]},{\"@type\":\"WebSite\",\"@id\":\"https:\/\/kingdahls.net\/#website\",\"url\":\"https:\/\/kingdahls.net\/\",\"name\":\"KENNEL KINGDAHLS\",\"description\":\"&quot;passion and interest for purebred dogs&quot;\",\"potentialAction\":[{\"@type\":\"SearchAction\",\"target\":{\"@type\":\"EntryPoint\",\"urlTemplate\":\"https:\/\/kingdahls.net\/?s={search_term_string}\"},\"query-input\":{\"@type\":\"PropertyValueSpecification\",\"valueRequired\":true,\"valueName\":\"search_term_string\"}}],\"inLanguage\":\"fi\"}]}<\/script>\n<!-- \/ Yoast SEO plugin. -->","yoast_head_json":{"title":"PAIKKA -tuotteet - KENNEL KINGDAHLS","robots":{"index":"index","follow":"follow","max-snippet":"max-snippet:-1","max-image-preview":"max-image-preview:large","max-video-preview":"max-video-preview:-1"},"canonical":"https:\/\/kingdahls.net\/index.php\/jalleenmyynti-paikka-tuotteet\/","og_locale":"fi_FI","og_type":"article","og_title":"PAIKKA -tuotteet - KENNEL KINGDAHLS","og_description":"PAIKKA &#8211; T\u00e4ydelliset varusteet koira-arkeen ja ulkoiluun Meille koirien hyvinvointi on kaiken ydin \u2013 siksi olemme ylpeit\u00e4 siit\u00e4, ett\u00e4 saamme j\u00e4lleenmyyd\u00e4 kotimaista PAIKKA-tuotemerkki\u00e4. PAIKKA yhdist\u00e4\u00e4 suomalaisen muotoilun, k\u00e4yt\u00e4nn\u00f6llisyyden ja turvallisuuden tuotteiksi, jotka tukevat koiran hyvinvointia arjessa ja harrastuksissa. Valikoimasta l\u00f6yd\u00e4t laadukkaat tuotteet sek\u00e4 koirille ett\u00e4 ihmisille: esimerkiksi ergonomiset valjaat, s\u00e4\u00e4olosuhteisiin sopivat takit sek\u00e4 heijastavat varusteet,&hellip; Jatka lukemista PAIKKA -tuotteet","og_url":"https:\/\/kingdahls.net\/index.php\/jalleenmyynti-paikka-tuotteet\/","og_site_name":"KENNEL KINGDAHLS","article_publisher":"https:\/\/fi-fi.facebook.com\/eero.sivula.9","article_modified_time":"2025-04-16T14:37:59+00:00","og_image":[{"width":162,"height":44,"url":"https:\/\/kingdahls.net\/wp-content\/uploads\/2025\/04\/Outlook-5d23zsm2.png","type":"image\/png"}],"twitter_card":"summary_large_image","twitter_misc":{"Arvioitu lukuaika":"2 minuuttia"},"schema":{"@context":"https:\/\/schema.org","@graph":[{"@type":"WebPage","@id":"https:\/\/kingdahls.net\/index.php\/jalleenmyynti-paikka-tuotteet\/","url":"https:\/\/kingdahls.net\/index.php\/jalleenmyynti-paikka-tuotteet\/","name":"PAIKKA -tuotteet - KENNEL KINGDAHLS","isPartOf":{"@id":"https:\/\/kingdahls.net\/#website"},"primaryImageOfPage":{"@id":"https:\/\/kingdahls.net\/index.php\/jalleenmyynti-paikka-tuotteet\/#primaryimage"},"image":{"@id":"https:\/\/kingdahls.net\/index.php\/jalleenmyynti-paikka-tuotteet\/#primaryimage"},"thumbnailUrl":"https:\/\/kingdahls.net\/wp-content\/uploads\/2025\/04\/Outlook-5d23zsm2.png","datePublished":"2025-04-09T12:18:33+00:00","dateModified":"2025-04-16T14:37:59+00:00","breadcrumb":{"@id":"https:\/\/kingdahls.net\/index.php\/jalleenmyynti-paikka-tuotteet\/#breadcrumb"},"inLanguage":"fi","potentialAction":[{"@type":"ReadAction","target":["https:\/\/kingdahls.net\/index.php\/jalleenmyynti-paikka-tuotteet\/"]}]},{"@type":"ImageObject","inLanguage":"fi","@id":"https:\/\/kingdahls.net\/index.php\/jalleenmyynti-paikka-tuotteet\/#primaryimage","url":"https:\/\/kingdahls.net\/wp-content\/uploads\/2025\/04\/Outlook-5d23zsm2.png","contentUrl":"https:\/\/kingdahls.net\/wp-content\/uploads\/2025\/04\/Outlook-5d23zsm2.png","width":162,"height":44},{"@type":"BreadcrumbList","@id":"https:\/\/kingdahls.net\/index.php\/jalleenmyynti-paikka-tuotteet\/#breadcrumb","itemListElement":[{"@type":"ListItem","position":1,"name":"Etusivu","item":"https:\/\/kingdahls.net\/"},{"@type":"ListItem","position":2,"name":"PAIKKA -tuotteet"}]},{"@type":"WebSite","@id":"https:\/\/kingdahls.net\/#website","url":"https:\/\/kingdahls.net\/","name":"KENNEL KINGDAHLS","description":"&quot;passion and interest for purebred dogs&quot;","potentialAction":[{"@type":"SearchAction","target":{"@type":"EntryPoint","urlTemplate":"https:\/\/kingdahls.net\/?s={search_term_string}"},"query-input":{"@type":"PropertyValueSpecification","valueRequired":true,"valueName":"search_term_string"}}],"inLanguage":"fi"}]}},"_links":{"self":[{"href":"https:\/\/kingdahls.net\/index.php\/wp-json\/wp\/v2\/pages\/1037","targetHints":{"allow":["GET"]}}],"collection":[{"href":"https:\/\/kingdahls.net\/index.php\/wp-json\/wp\/v2\/pages"}],"about":[{"href":"https:\/\/kingdahls.net\/index.php\/wp-json\/wp\/v2\/types\/page"}],"author":[{"embeddable":true,"href":"https:\/\/kingdahls.net\/index.php\/wp-json\/wp\/v2\/users\/2"}],"replies":[{"embeddable":true,"href":"https:\/\/kingdahls.net\/index.php\/wp-json\/wp\/v2\/comments?post=1037"}],"version-history":[{"count":8,"href":"https:\/\/kingdahls.net\/index.php\/wp-json\/wp\/v2\/pages\/1037\/revisions"}],"predecessor-version":[{"id":1143,"href":"https:\/\/kingdahls.net\/index.php\/wp-json\/wp\/v2\/pages\/1037\/revisions\/1143"}],"wp:attachment":[{"href":"https:\/\/kingdahls.net\/index.php\/wp-json\/wp\/v2\/media?parent=1037"}],"curies":[{"name":"wp","href":"https:\/\/api.w.org\/{rel}","templated":true}]}}